{"id":9326,"date":"2023-07-09T16:24:57","date_gmt":"2023-07-09T16:24:57","guid":{"rendered":"https:\/\/waam-ci.com\/artistes\/?page_id=9326"},"modified":"2023-07-17T15:23:47","modified_gmt":"2023-07-17T15:23:47","slug":"senregistrer-sur-waam","status":"publish","type":"page","link":"https:\/\/waam-ci.com\/artistes\/senregistrer-sur-waam\/","title":{"rendered":"S&#8217;enregistrer sur WAAM"},"content":{"rendered":"\t\t<div data-elementor-type=\"wp-page\" data-elementor-id=\"9326\" class=\"elementor elementor-9326\">\n\t\t\t\t\t\t\t\t\t<section class=\"elementor-section elementor-top-section elementor-element elementor-element-a6e19de elementor-section-boxed elementor-section-height-default elementor-section-height-default\" data-id=\"a6e19de\" data-element_type=\"section\" data-settings=\"{&quot;_ha_eqh_enable&quot;:false}\">\n\t\t\t\t\t\t<div class=\"elementor-container elementor-column-gap-default\">\n\t\t\t\t\t<div class=\"elementor-column elementor-col-16 elementor-top-column elementor-element elementor-element-80a53b7\" data-id=\"80a53b7\" data-element_type=\"column\">\n\t\t\t<div class=\"elementor-widget-wrap\">\n\t\t\t\t\t\t\t\t\t<\/div>\n\t\t<\/div>\n\t\t\t\t<div class=\"elementor-column elementor-col-66 elementor-top-column elementor-element elementor-element-f777ef4\" data-id=\"f777ef4\" data-element_type=\"column\">\n\t\t\t<div class=\"elementor-widget-wrap elementor-element-populated\">\n\t\t\t\t\t\t\t\t<div class=\"elementor-element elementor-element-4362274a elementor-widget elementor-widget-shortcode\" data-id=\"4362274a\" data-element_type=\"widget\" data-widget_type=\"shortcode.default\">\n\t\t\t\t<div class=\"elementor-widget-container\">\n\t\t\t\t\t<div class=\"elementor-shortcode\"><!--noptimize--><div class=\"rmagic rm_theme_default rm_layout_label_top\"><style><\/style><style>.rmagic #form_2_1 .buttonarea input[type=\"submit\"] {background-color: rgb(248, 123, 84); border-color: rgb(248, 123, 84); border-radius: 5px; !important}<\/style><div class=\"rmcontent\"><pre class=\"rm-pre-wrapper-for-script-tags\"><script>\n                \nif (typeof window['rm_multipage'] == 'undefined') {\n\n    rm_multipage = {\n        global_page_no_form_2_1: 1\n    };\n\n}\nelse\n rm_multipage.global_page_no_form_2_1 = 1;\n\nfunction gotonext_form_2_1(){\n        \/* Making sure action attribute is empty *\/\n        jQuery(\"form.rmagic-form\").attr(\"action\",\"\");\n        maxpage = 1 ;\n        var form_object= jQuery(\"#rm_form_page_form_2_1_\"+rm_multipage.global_page_no_form_2_1).closest(\"form\");\n        var submit_btn= form_object.find(\"[type=submit]:not(.rm_noscript_btn)\");\n                jQuery.validator.setDefaults({errorClass: 'rm-form-field-invalid-msg',\n                                        ignore:':hidden,.ignore,:not(:visible),.rm_untouched',wrapper:'div',\n                                       errorPlacement: function(error, element) {\n                                                            \/\/error.appendTo(element.closest('.rminput'));\n                                                            error.appendTo(element.closest('div'));\n                                                          },\n                                      rules: {        \n        password: {\n            required: true,\n            minlength: 7\n        },\n        password_confirmation: {\n            required: true,\n            equalTo: \"#rm_reg_form_pw_2_1\"\n        },\n        email_confirmation: {\n            required: true,\n            equalTo: \"#rm_reg_form_email_2_1\"\n        }\n            },\n        messages: {\n        password_confirmation: {\n            equalTo: \"Vos mots de passe ne correspondent pas. Veuillez v\u00e9rifier \u00e0 nouveau.\"\n        },\n        email_confirmation: {\n            equalTo: \"Emails do not match\"\n        }\n            }\n                                    });\n        form_object.find('input.rm_price_field_quantity').each(function() {\n            if(typeof jQuery(this).attr('min') == 'undefined') {\n                jQuery(this).attr('min', 0);\n            }\n        });\n        if(form_object.find('.rm_privacy_cb').is(':visible')) {\n            if(!form_object.find('.rm_privacy_cb').prop('checked')){\n                \/\/form_object.find('.rm_privacy_cb').trigger('change');\n                form_object.find('.rm_privacy_cb').focus();\n                form_object.find('.rm_privacy_cb').parent().parent().siblings('div.rm-form-error-message').show();\n                return false;\n            }\n        }\n        if(jQuery(\"#rm_form_page_form_2_1_\"+rm_multipage.global_page_no_form_2_1+\" :input\").length > 0)\n        {\n            var elements_to_validate= jQuery(\"#rm_form_page_form_2_1_\"+rm_multipage.global_page_no_form_2_1+\" :input\");\n            var valid = elements_to_validate.valid();\n            elements_to_validate.each(function(){\n            var if_mobile= jQuery(this).attr('data-mobile-intel-field');\n            if(if_mobile){\n                var tel_error = rm_toggle_tel_error(this.dataset.validnumber,jQuery(this),jQuery(this).data('error-message'));\n                if(tel_error){\n                    valid= false;\n                }\n                else\n                {\n                    jQuery(this).val(this.dataset.fullnumber);\n                }\n            }\n            });\n                \n            if(!valid)\n            {\n                setTimeout(function(){ submit_btn.prop('disabled',false); }, 1000);\n                var error_element= jQuery(document).find(\"input.rm-form-field-invalid-msg\")[0];\n                if(error_element){\n                    error_element.focus();\n                }\n                return false;\n            }\n        }\n        \n        \/* Server validation for Username and Email field *\/\n        for(var i=0;i<rm_validation_attr.length;i++){\n            var validation_flag= true;\n            jQuery(\"[\" + rm_validation_attr[i] + \"=0]\").each(function(){\n               validation_flag= false;\n               return false;\n            });\n            \n            if(!validation_flag)\n              return;\n        }\n        \n        \n        rm_multipage.global_page_no_form_2_1++;\n        \n        \/*skip blank form pages*\/\n        while(jQuery(\"#rm_form_page_form_2_1_\"+rm_multipage.global_page_no_form_2_1+\" :input\").length == 0)\n        {\n        \n            if(maxpage <= rm_multipage.global_page_no_form_2_1)\n            {\n                    if(jQuery(\"#rm_form_page_form_2_1_\"+rm_multipage.global_page_no_form_2_1+\" :input\").length == 0){\n                        jQuery(\"#rm_next_form_page_button_2_1\").prop('type','submit');\n                        jQuery(\"#rm_prev_form_page_button_2_1\").prop('disabled',true);\n                        return;\n                    }        \n                    else\n                        break;\n            }\n        \n            rm_multipage.global_page_no_form_2_1++;\n        }\n            \n\t\n\tif(maxpage < rm_multipage.global_page_no_form_2_1)\n\t{\n\t\trm_multipage.global_page_no_form_2_1 = maxpage;\n\t\tjQuery(\"#rm_next_form_page_button_2_1\").prop('type','submit');\n                jQuery(\"#rm_prev_form_page_button_2_1\").prop('disabled',true);\n\t\treturn;\n\t}\n\tjQuery(\".rmformpage_form_2_1\").each(function (){\n\t\tvar visibledivid = \"rm_form_page_form_2_1_\"+rm_multipage.global_page_no_form_2_1;\n\t\tif(jQuery(this).attr('id') == visibledivid)\n\t\t\tjQuery(this).show();\n\t\telse\n\t\t\tjQuery(this).hide();\n\t});\n        jQuery('html, body').animate({\n            scrollTop: (jQuery('.rmformpage_form_2_1').first().offset().top)\n        },500);\n        jQuery(\"#rm_prev_form_page_button_2_1\").prop('disabled',false);\n        rmInitGoogleApi();\n}\nfunction gotoprev_form_2_1(){\n\t\n\tmaxpage = 1 ;\n        var form_object= jQuery(\"#rm_form_page_form_2_1_\"+rm_multipage.global_page_no_form_2_1).closest(\"form\");\n\trm_multipage.global_page_no_form_2_1--;\n        jQuery(\"#rm_next_form_page_button_2_1\").attr('type','button');\n        \/*\n        if(form_object.find('.rm_privacy_cb').is(':visible')) {\n            if(!form_object.find('.rm_privacy_cb').prop('checked')){\n                \/\/form_object.find('.rm_privacy_cb').trigger('change');\n                form_object.find('.rm_privacy_cb').focus();\n                form_object.find('.rm_privacy_cb').parent().parent().siblings('div.rm-form-error-message').show();\n                return false;\n            }\n        }\n        *\/\n        \/*skip blank form pages*\/\n        while(jQuery(\"#rm_form_page_form_2_1_\"+rm_multipage.global_page_no_form_2_1+\" :input\").length == 0)\n        {\n            if(1 >= rm_multipage.global_page_no_form_2_1)\n            {\n                    if(jQuery(\"#rm_form_page_form_2_1_\"+rm_multipage.global_page_no_form_2_1+\" :input\").length == 0){\n                        rm_multipage.global_page_no_form_2_1 = 1;\n                        jQuery(\"#rm_prev_form_page_button_2_1\").prop('disabled',true);\n                        return;\n                    }        \n                    else\n                        break;\n            }\n        \n            rm_multipage.global_page_no_form_2_1--;\n        }\n        \n\tjQuery(\".rmformpage_form_2_1\").each(function (){\n\t\tvar visibledivid = \"rm_form_page_form_2_1_\"+rm_multipage.global_page_no_form_2_1;\n\t\tif(jQuery(this).attr('id') == visibledivid)\n\t\t\tjQuery(this).show();\n\t\telse\n\t\t\tjQuery(this).hide();\n\t});\n        \n        if(rm_multipage.global_page_no_form_2_1 <= 1)\n        {\n            rm_multipage.global_page_no_form_2_1 = 1;\n            jQuery(\"#rm_prev_form_page_button_2_1\").prop('disabled',true);\n        }\n        jQuery('html, body').animate({\n            scrollTop: (jQuery('.rmformpage_form_2_1').first().offset().top)\n        },500);\n}         \n<\/script><\/pre><style type=\"text\/css\">label span.required { color: #B94A48; }span.help-inline, span.help-block { color: #888; font-size: .9em; font-style: italic; }<\/style><form novalidate onsubmit=\"return gotonext_form_2_1()\" autocomplete=\"off\" action id=\"form_2_1\" method=\"post\" class=\"rmagic-form rmagic-form-btn-center form-vertical\" name=\"rm_form\" number=\"1\" style><fieldset><input type=\"hidden\" name=\"rm_form_sub_id\" value=form_2_1><input type=\"hidden\" name=\"rm_form_sub_no\" value=1><input type=\"hidden\" name=\"rm_cond_hidden_fields\" id=\"rm_cond_hidden_fields\" value=\"\"><div class=\"rmheader\">Inscrivez-vous en remplissant le formulaire ci-dessous.<\/div><div id=\"rm_stat_container\"><div class=\"rmagic-field\"><label class=\"rmfield\" for=\"form_2_1-element-2\" style=\"\">RM_Stats<\/label><div class=\"rminput\"><input type=\"text\" name=\"stat_id\" value=\"__uninit\" style=\"display:none\" id=\"form_2_1-element-2\"\/><\/div><\/div><\/div><div class=\"rm_form_page rmformpage_form_2_1\" id=\"rm_form_page_form_2_1_1\"><fieldset class='rmfieldset'><div class=\"rmagic-row\" data-bmargin=\"0\"><div class=\"rmagic-fields-wrap\"><div class=\"rmagic-col rmagic-col-12\"><div class=\"rmagic-field\"><label class=\"rmfield\" for=\"form_2_1-element-9\" style=\"color: rgb(137, 137, 137);\">Pseudo<\/label><div class=\"rminput\"><input type=\"text\" name=\"Textbox_14\" rm_textbox=\"User Input\" style=\"color: rgb(125, 125, 125);\" labelstyle=\"color: rgb(137, 137, 137);\" value=\"\" id=\"form_2_1-element-9\"\/><\/div><\/div><\/div><\/div><\/div><div class=\"rmagic-row\" data-bmargin=\"0\"><div class=\"rmagic-fields-wrap\"><div class=\"rmagic-col rmagic-col-12\"><div class=\"rmagic-field\"><label class=\"rmfield\" for=\"form_2_1-element-16\" style=\"color: rgb(137, 137, 137);\">Nom et pr\u00e9noms<\/label><div class=\"rminput\"><input type=\"text\" name=\"Textbox_15\" rm_textbox=\"User Input\" style=\"color: rgb(125, 125, 125);\" labelstyle=\"color: rgb(137, 137, 137);\" value=\"\" id=\"form_2_1-element-16\"\/><\/div><\/div><\/div><\/div><\/div><div class=\"rmagic-row\" data-bmargin=\"0\"><div class=\"rmagic-fields-wrap\"><div class=\"rmagic-col rmagic-col-12\"><div class=\"rmagic-field\"><label class=\"rmfield\" for=\"form_2_1-element-23\" style=\"color: rgb(137, 137, 137);\">Nom d'utilisateur<sup class=\"required\">&nbsp;*<\/sup><\/label><div class=\"rminput\"><input type=\"text\" name=\"username\" placeholder=\"username\" required style=\"color: rgb(125, 125, 125);\" labelstyle=\"color: rgb(137, 137, 137);\" value=\"\" id=\"form_2_1-element-23\"\/><\/div><\/div><\/div><\/div><\/div><div class=\"rmagic-row\" data-bmargin=\"0\"><div class=\"rmagic-fields-wrap\"><div class=\"rmagic-col rmagic-col-12\"><div class=\"rmagic-field\"><label class=\"rmfield\" for=\"rm_reg_form_pw_2_1\" style=\"color: rgb(137, 137, 137);\">Mot de passe<sup class=\"required\">&nbsp;*<\/sup><\/label><div class=\"rminput\"><input type=\"password\" name=\"pwd\" placeholder=\"Password\" required style=\"color: rgb(125, 125, 125);\" labelstyle=\"color: rgb(137, 137, 137);\" value=\"\" id=\"rm_reg_form_pw_2_1\" minlength=\"7\"\/><\/div><div class=\"rmnote\"><div class=\"rmprenote\"><\/div><div class=\"rmnotecontent\">Le mot de passe doit comporter au moins 7 caract\u00e8res.<\/div><\/div><\/div><\/div><\/div><\/div><div class=\"rmagic-row\" data-bmargin=\"0\"><div class=\"rmagic-fields-wrap\"><div class=\"rmagic-col rmagic-col-12\"><div class=\"rmagic-field\"><label class=\"rmfield\" for=\"form_2_1-element-37\" style=\"color: rgb(137, 137, 137);\">Pays<sup class=\"required\">&nbsp;*<\/sup><\/label><div class=\"rminput\"><select name=\"Select_18\" required rm_textbox=\"User Input\" style=\"color: rgb(125, 125, 125);\" labelstyle=\"color: rgb(137, 137, 137);\" id=\"form_2_1-element-37\"><option value=\"\">S\u00e9lectionner une option<\/option><option value=\"Afrique du Sud\">Afrique du Sud<\/option><option value=\"Alg\u00e9rie\">Alg\u00e9rie<\/option><option value=\"Angola\">Angola<\/option><option value=\"B\u00e9nin\">B\u00e9nin<\/option><option value=\"Botswana\">Botswana<\/option><option value=\"Burkina Faso\">Burkina Faso<\/option><option value=\"Burundi\">Burundi<\/option><option value=\"Cameroun\">Cameroun<\/option><option value=\"Cap-Vert\">Cap-Vert<\/option><option value=\"Centrafrique\">Centrafrique<\/option><option value=\"Comores\">Comores<\/option><option value=\"Congo(Brazza)\">Congo(Brazza)<\/option><option value=\"Congo(RDC)\">Congo(RDC)<\/option><option value=\"C\u00f4te d&#039;Ivoire\">C\u00f4te d'Ivoire<\/option><option value=\"Djibouti\">Djibouti<\/option><option value=\"Egypte\">Egypte<\/option><option value=\"Erythr\u00e9e\">Erythr\u00e9e<\/option><option value=\"Ethiopie\">Ethiopie<\/option><option value=\"Gabon\">Gabon<\/option><option value=\"Gambie\">Gambie<\/option><option value=\"Ghana\">Ghana<\/option><option value=\"Guin\u00e9e\">Guin\u00e9e<\/option><option value=\"Guin\u00e9e Equatoriale\">Guin\u00e9e Equatoriale<\/option><option value=\"Guin\u00e9e-Bissau\">Guin\u00e9e-Bissau<\/option><option value=\"Kenya\">Kenya<\/option><option value=\"L\u00e9sotho\">L\u00e9sotho<\/option><option value=\"Lib\u00e9ria\">Lib\u00e9ria<\/option><option value=\"Libye\">Libye<\/option><option value=\"Madagascar\">Madagascar<\/option><option value=\"Malawi\">Malawi<\/option><option value=\"Mali\">Mali<\/option><option value=\"Maroc\">Maroc<\/option><option value=\"Maurice\">Maurice<\/option><option value=\"Mauritanie\">Mauritanie<\/option><option value=\"Mozambique\">Mozambique<\/option><option value=\"Namibie\">Namibie<\/option><option value=\"Niger\">Niger<\/option><option value=\"Nig\u00e9ria\">Nig\u00e9ria<\/option><option value=\"Ouganda\">Ouganda<\/option><option value=\"Rwanda\">Rwanda<\/option><option value=\"S\u00e3o Tom\u00e9-et-Pr\u00edncipe\">S\u00e3o Tom\u00e9-et-Pr\u00edncipe<\/option><option value=\"S\u00e9n\u00e9gal\">S\u00e9n\u00e9gal<\/option><option value=\"Seychelles\">Seychelles<\/option><option value=\"Sierra L\u00e9one\">Sierra L\u00e9one<\/option><option value=\"Somalie\">Somalie<\/option><option value=\"Soudan\">Soudan<\/option><option value=\"Soudan du Sud\">Soudan du Sud<\/option><option value=\"Swaziland\">Swaziland<\/option><option value=\"Tanzanie\">Tanzanie<\/option><option value=\"Tchad\">Tchad<\/option><option value=\"Togo\">Togo<\/option><option value=\"Tunisie\">Tunisie<\/option><option value=\"Zambie\">Zambie<\/option><option value=\"Zimbabwe\">Zimbabwe<\/option><\/select><\/div><\/div><\/div><\/div><\/div><div class=\"rmagic-row\" data-bmargin=\"0\"><div class=\"rmagic-fields-wrap\"><div class=\"rmagic-col rmagic-col-12\"><div class=\"rmagic-field\"><label class=\"rmfield\" for=\"form_2_1-element-44\" style=\"color: rgb(137, 137, 137);\">Ville, Commune, quartier<sup class=\"required\">&nbsp;*<\/sup><\/label><div class=\"rminput\"><input type=\"text\" name=\"Textbox_19\" required rm_textbox=\"User Input\" style=\"color: rgb(125, 125, 125);\" labelstyle=\"color: rgb(137, 137, 137);\" value=\"\" id=\"form_2_1-element-44\"\/><\/div><\/div><\/div><\/div><\/div><div class=\"rmagic-row\" data-bmargin=\"0\"><div class=\"rmagic-fields-wrap\"><div class=\"rmagic-col rmagic-col-12\"><div class=\"rmagic-field\"><label class=\"rmfield\" for=\"form_2_1-element-51\" style=\"color: rgb(137, 137, 137);\">T\u00e9l\u00e9phone de l'artiste<\/label><div class=\"rminput\"><input type=\"number\" min=\"0\" name=\"Number_29\" style=\"color: rgb(125, 125, 125);\" labelstyle=\"color: rgb(137, 137, 137);\" value=\"\" id=\"form_2_1-element-51\"\/><\/div><\/div><\/div><\/div><\/div><div class=\"rmagic-row\" data-bmargin=\"0\"><div class=\"rmagic-fields-wrap\"><div class=\"rmagic-col rmagic-col-12\"><div class=\"rmagic-field\"><label class=\"rmfield\" for=\"form_2_1-element-58\" style=\"color: rgb(137, 137, 137);\">T\u00e9l\u00e9phone du manager<\/label><div class=\"rminput\"><input type=\"number\" min=\"0\" name=\"Number_30\" style=\"color: rgb(125, 125, 125);\" labelstyle=\"color: rgb(137, 137, 137);\" value=\"\" id=\"form_2_1-element-58\"\/><\/div><\/div><\/div><\/div><\/div><div class=\"rmagic-row\" data-bmargin=\"0\"><div class=\"rmagic-fields-wrap\"><div class=\"rmagic-col rmagic-col-12\"><div class=\"rmagic-field\"><label class=\"rmfield\" for=\"form_2_1-element-65\" style=\"color: rgb(137, 137, 137);\">Nom du manager<\/label><div class=\"rminput\"><input type=\"text\" name=\"Textbox_26\" rm_textbox=\"User Input\" style=\"color: rgb(125, 125, 125);\" labelstyle=\"color: rgb(137, 137, 137);\" date_format=\"mm\/dd\/yy\" value=\"\" id=\"form_2_1-element-65\"\/><\/div><\/div><\/div><\/div><\/div><div class=\"rmagic-row\" data-bmargin=\"0\"><div class=\"rmagic-fields-wrap\"><div class=\"rmagic-col rmagic-col-12\"><div class=\"rmagic-field\"><label class=\"rmfield\" for=\"rm_reg_form_email_2_1\" style=\"color: rgb(137, 137, 137);\">Email de l'artiste<sup class=\"required\">&nbsp;*<\/sup><\/label><div class=\"rminput\"><input type=\"email\" name=\"Email_5\" required style=\"color: rgb(125, 125, 125);\" labelstyle=\"color: rgb(137, 137, 137);\" value=\"\" id=\"rm_reg_form_email_2_1\"\/><\/div><\/div><\/div><\/div><\/div><div class=\"rmagic-row\" data-bmargin=\"0\"><div class=\"rmagic-fields-wrap\"><div class=\"rmagic-col rmagic-col-12\"><div class=\"rmagic-field\"><label class=\"rmfield\" for=\"form_2_1-element-79\" style=\"color: rgb(137, 137, 137);\">Email du manager<\/label><div class=\"rminput\"><input type=\"email\" name=\"Email_27\" style=\"color: rgb(125, 125, 125);\" labelstyle=\"color: rgb(137, 137, 137);\" value=\"\" id=\"form_2_1-element-79\"\/><\/div><\/div><\/div><\/div><\/div><div class=\"rmagic-row\" data-bmargin=\"0\"><div class=\"rmagic-fields-wrap\"><div class=\"rmagic-col rmagic-col-12\"><div class=\"rmagic-field\"><label class=\"rmfield\" for=\"form_2_1-element-86\" style=\"color: rgb(137, 137, 137);\">Genre<sup class=\"required\">&nbsp;*<\/sup><\/label><div class=\"rminput\"><ul class=\"rmradio\" style=\"color: rgb(125, 125, 125)\";\"><li> <input id=\"form_2_1-element-86-0\" type=\"radio\" name=\"Radio_24\" required rm_textbox=\"User Input\" style=\"color: rgb(125, 125, 125);\" labelstyle=\"color: rgb(137, 137, 137);\" value=\"Artiste Homme\"\/><label for=\"form_2_1-element-86-0\"> Artiste Homme<\/label> <\/li> <li> <input id=\"form_2_1-element-86-1\" type=\"radio\" name=\"Radio_24\" required rm_textbox=\"User Input\" style=\"color: rgb(125, 125, 125);\" labelstyle=\"color: rgb(137, 137, 137);\" value=\"Artiste Femme\"\/><label for=\"form_2_1-element-86-1\"> Artiste Femme<\/label> <\/li> <li> <input id=\"form_2_1-element-86-2\" type=\"radio\" name=\"Radio_24\" required rm_textbox=\"User Input\" style=\"color: rgb(125, 125, 125);\" labelstyle=\"color: rgb(137, 137, 137);\" value=\"Groupe d&#039;artistes\"\/><label for=\"form_2_1-element-86-2\"> Groupe d'artistes<\/label> <\/li> <li> <input id=\"form_2_1-element-86-3\" type=\"radio\" name=\"Radio_24\" required rm_textbox=\"User Input\" style=\"color: rgb(125, 125, 125);\" labelstyle=\"color: rgb(137, 137, 137);\" value=\"Autre\"\/><label for=\"form_2_1-element-86-3\"> Autre<\/label> <\/li> <\/ul><\/div><\/div><\/div><\/div><\/div><div class=\"rmagic-row\" data-bmargin=\"0\"><div class=\"rmagic-fields-wrap\"><div class=\"rmagic-col rmagic-col-12\"><div class=\"rmagic-field\"><label class=\"rmfield\" for=\"form_2_1-element-93\" style=\"color: rgb(137, 137, 137);\">Titres phares<\/label><div class=\"rminput\"><textarea rows=\"5\" name=\"Textarea_28\" rm_textbox=\"User Input\" style=\"color: rgb(125, 125, 125);\" labelstyle=\"color: rgb(137, 137, 137);\" id=\"form_2_1-element-93\"><\/textarea><\/div><\/div><\/div><\/div><\/div><div class=\"rmagic-row\" data-bmargin=\"0\"><div class=\"rmagic-fields-wrap\"><div class=\"rmagic-col rmagic-col-12\"><div class=\"rmagic-field\"><label class=\"rmfield\" for=\"form_2_1-element-100\" style=\"color: rgb(137, 137, 137);\">Identifiant Maison des Droits d'auteur<\/label><div class=\"rminput\"><input type=\"text\" name=\"Textbox_22\" rm_textbox=\"User Input\" style=\"color: rgb(125, 125, 125);\" labelstyle=\"color: rgb(137, 137, 137);\" value=\"\" id=\"form_2_1-element-100\"\/><\/div><\/div><\/div><\/div><\/div><div class=\"rmagic-row\" data-bmargin=\"0\"><div class=\"rmagic-fields-wrap\"><div class=\"rmagic-col rmagic-col-12\"> <div class=\"rmrow rm-full-width\"><hr class=\"rm_divider\" width=\"100%\" size=\"8\" align=\"center\"><\/div><\/div><\/div><\/div><\/fieldset><\/div><div class=\"buttonarea\"><input   type=\"submit\" value=\"S&#039;enregistrer\" name=\"rm_sb_btn\" style=\"\" id=\"rm_next_form_page_button_2_1\" class=\"rm_next_btn rm-btn rm-btn-primary\"\/> <input   type=\"submit\" value=\"S&#039;enregistrer\" name=\"rm_sb_btn\" style=\"\" class=\"rm_noscript_btn rm-btn rm-btn-primary\" id=\"form_2_1-element-114\"\/><\/div><\/fieldset><\/form><pre class=\"rm-pre-wrapper-for-script-tags\"><script type=\"text\/javascript\">jQuery(document).ready(function() {\t\tjQuery(\"#form_2_1\").bind(\"submit\", function(){\n                        \/\/jQuery(this).find(\"input[name=rm_slug]\").attr(\"value\",jQuery(this).find(\"input[name=submit]\").attr(\"value\"));\n\t\t\tjQuery(this).find(\"input[type=submit]\").attr(\"disabled\", \"disabled\"); \n\t\t});jQuery('#form_2_1-element-23').change(function(){\n                var data = {\n                    'action': 'rm_user_exists',\n                    'rm_sec_nonce': '54f4432f05',\n                    'rm_slug': 'rm_user_exists',\n                    'username': jQuery(this).val(),\n                    'attr': 'data-rm-valid-username',\n                    'form_id': '2'\n                };\n                rm_user_exists(this,rm_ajax_url,data,'This user is already registered. Please try with different username or login.');\n                });\n                        \n                   \n                   jQuery(\"#rm_reg_form_email_2_1\").change(function(){\n                   var data = {\n                           'action': 'rm_user_exists',\n                           'rm_sec_nonce': '54f4432f05',\n                           'rm_slug': 'rm_user_exists',\n                           'email': jQuery(this).val(),\n                           'attr': 'data-rm-valid-email',\n                           'form_id':\"2\"\n                   };\n                   \n                   rm_user_exists(this,rm_ajax_url,data);\n                  \n                 });\n           }); <\/script><\/pre>        <noscript>\n            <div class=\"rm-js-disabled\"><b>Note: It looks like JavaScript is disabled in your browser. Some elements of this form may require JavaScript to work properly. If you have trouble submitting the form, try enabling JavaScript momentarily and resubmit. JavaScript settings are usually found in Browser Settings or Browser Developer menu.<\/b><\/div>\n            <style>\n                .rm_next_btn {display:none !important}\n                .rm_noscript_btn {display: block !important}\n            <\/style>\n        <\/noscript>\n    <\/div><\/div><!--\/noptimize-->\r\n<\/div>\n\t\t\t\t<\/div>\n\t\t\t\t<\/div>\n\t\t\t\t<div class=\"elementor-element elementor-element-57169f8 elementor-widget elementor-widget-spacer\" data-id=\"57169f8\" data-element_type=\"widget\" data-widget_type=\"spacer.default\">\n\t\t\t\t<div class=\"elementor-widget-container\">\n\t\t\t\t\t<div class=\"elementor-spacer\">\n\t\t\t<div class=\"elementor-spacer-inner\"><\/div>\n\t\t<\/div>\n\t\t\t\t<\/div>\n\t\t\t\t<\/div>\n\t\t\t\t\t<\/div>\n\t\t<\/div>\n\t\t\t\t<div class=\"elementor-column elementor-col-16 elementor-top-column elementor-element elementor-element-2de2709\" data-id=\"2de2709\" data-element_type=\"column\">\n\t\t\t<div class=\"elementor-widget-wrap\">\n\t\t\t\t\t\t\t\t\t<\/div>\n\t\t<\/div>\n\t\t\t\t\t\t\t<\/div>\n\t\t<\/section>\n\t\t\t\t<section class=\"elementor-section elementor-top-section elementor-element elementor-element-580f10b8 elementor-section-boxed elementor-section-height-default elementor-section-height-default\" data-id=\"580f10b8\" data-element_type=\"section\" data-settings=\"{&quot;_ha_eqh_enable&quot;:false}\">\n\t\t\t\t\t\t<div class=\"elementor-container elementor-column-gap-default\">\n\t\t\t\t\t<div class=\"elementor-column elementor-col-100 elementor-top-column elementor-element elementor-element-201417f5\" data-id=\"201417f5\" data-element_type=\"column\">\n\t\t\t<div class=\"elementor-widget-wrap\">\n\t\t\t\t\t\t\t\t\t<\/div>\n\t\t<\/div>\n\t\t\t\t\t\t\t<\/div>\n\t\t<\/section>\n\t\t\t\t\t\t\t<\/div>\n\t\t","protected":false},"excerpt":{"rendered":"","protected":false},"author":1,"featured_media":0,"parent":0,"menu_order":0,"comment_status":"closed","ping_status":"closed","template":"","meta":{"footnotes":""},"class_list":["post-9326","page","type-page","status-publish","hentry"],"_links":{"self":[{"href":"https:\/\/waam-ci.com\/artistes\/wp-json\/wp\/v2\/pages\/9326","targetHints":{"allow":["GET"]}}],"collection":[{"href":"https:\/\/waam-ci.com\/artistes\/wp-json\/wp\/v2\/pages"}],"about":[{"href":"https:\/\/waam-ci.com\/artistes\/wp-json\/wp\/v2\/types\/page"}],"author":[{"embeddable":true,"href":"https:\/\/waam-ci.com\/artistes\/wp-json\/wp\/v2\/users\/1"}],"replies":[{"embeddable":true,"href":"https:\/\/waam-ci.com\/artistes\/wp-json\/wp\/v2\/comments?post=9326"}],"version-history":[{"count":7,"href":"https:\/\/waam-ci.com\/artistes\/wp-json\/wp\/v2\/pages\/9326\/revisions"}],"predecessor-version":[{"id":9362,"href":"https:\/\/waam-ci.com\/artistes\/wp-json\/wp\/v2\/pages\/9326\/revisions\/9362"}],"wp:attachment":[{"href":"https:\/\/waam-ci.com\/artistes\/wp-json\/wp\/v2\/media?parent=9326"}],"curies":[{"name":"wp","href":"https:\/\/api.w.org\/{rel}","templated":true}]}}