{"id":11777,"date":"2025-06-27T12:30:24","date_gmt":"2025-06-27T12:30:24","guid":{"rendered":"https:\/\/waam-ci.com\/artistes\/?page_id=11777"},"modified":"2025-06-28T15:07:51","modified_gmt":"2025-06-28T15:07:51","slug":"a-propos","status":"publish","type":"page","link":"https:\/\/waam-ci.com\/artistes\/a-propos\/","title":{"rendered":"A propos"},"content":{"rendered":"\t\t<div data-elementor-type=\"wp-page\" data-elementor-id=\"11777\" class=\"elementor elementor-11777\">\n\t\t\t\t\t\t\t\t\t<section class=\"elementor-section elementor-top-section elementor-element elementor-element-46731bf elementor-section-boxed elementor-section-height-default elementor-section-height-default\" data-id=\"46731bf\" data-element_type=\"section\" data-settings=\"{&quot;_ha_eqh_enable&quot;:false}\">\n\t\t\t\t\t\t<div class=\"elementor-container elementor-column-gap-default\">\n\t\t\t\t\t<div class=\"elementor-column elementor-col-100 elementor-top-column elementor-element elementor-element-fffc463\" data-id=\"fffc463\" data-element_type=\"column\">\n\t\t\t<div class=\"elementor-widget-wrap elementor-element-populated\">\n\t\t\t\t\t\t\t\t<div class=\"elementor-element elementor-element-e41106b elementor-widget elementor-widget-ha-page-title happy-addon ha-page-title\" data-id=\"e41106b\" data-element_type=\"widget\" data-widget_type=\"ha-page-title.default\">\n\t\t\t\t<div class=\"elementor-widget-container\">\n\t\t\t<h2 class=\"ha-page-title elementor-size-default\">A propos<\/h2>\t\t<\/div>\n\t\t\t\t<\/div>\n\t\t\t\t<div class=\"elementor-element elementor-element-f9b91b7 elementor-widget elementor-widget-spacer\" data-id=\"f9b91b7\" data-element_type=\"widget\" data-widget_type=\"spacer.default\">\n\t\t\t\t<div class=\"elementor-widget-container\">\n\t\t\t\t\t<div class=\"elementor-spacer\">\n\t\t\t<div class=\"elementor-spacer-inner\"><\/div>\n\t\t<\/div>\n\t\t\t\t<\/div>\n\t\t\t\t<\/div>\n\t\t\t\t\t<\/div>\n\t\t<\/div>\n\t\t\t\t\t\t\t<\/div>\n\t\t<\/section>\n\t\t\t\t<section class=\"elementor-section elementor-top-section elementor-element elementor-element-c9010fa elementor-section-boxed elementor-section-height-default elementor-section-height-default\" data-id=\"c9010fa\" data-element_type=\"section\" data-settings=\"{&quot;_ha_eqh_enable&quot;:false}\">\n\t\t\t\t\t\t<div class=\"elementor-container elementor-column-gap-default\">\n\t\t\t\t\t<div class=\"elementor-column elementor-col-50 elementor-top-column elementor-element elementor-element-8f8a78e\" data-id=\"8f8a78e\" data-element_type=\"column\">\n\t\t\t<div class=\"elementor-widget-wrap elementor-element-populated\">\n\t\t\t\t\t\t\t\t<div class=\"elementor-element elementor-element-e5e5341 elementor-widget elementor-widget-image\" data-id=\"e5e5341\" data-element_type=\"widget\" data-widget_type=\"image.default\">\n\t\t\t\t<div class=\"elementor-widget-container\">\n\t\t\t\t\t\t\t\t\t\t\t\t\t\t\t<img loading=\"lazy\" decoding=\"async\" width=\"900\" height=\"900\" src=\"https:\/\/waam-ci.com\/artistes\/wp-content\/uploads\/2025\/06\/05.jpeg\" class=\"attachment-large size-large wp-image-11781\" alt=\"\" srcset=\"https:\/\/waam-ci.com\/artistes\/wp-content\/uploads\/2025\/06\/05.jpeg 1024w, https:\/\/waam-ci.com\/artistes\/wp-content\/uploads\/2025\/06\/05-300x300.jpeg 300w, https:\/\/waam-ci.com\/artistes\/wp-content\/uploads\/2025\/06\/05-150x150.jpeg 150w, https:\/\/waam-ci.com\/artistes\/wp-content\/uploads\/2025\/06\/05-768x768.jpeg 768w, https:\/\/waam-ci.com\/artistes\/wp-content\/uploads\/2025\/06\/05-100x100.jpeg 100w, https:\/\/waam-ci.com\/artistes\/wp-content\/uploads\/2025\/06\/05-400x400.jpeg 400w\" sizes=\"auto, (max-width: 900px) 100vw, 900px\" \/>\t\t\t\t\t\t\t\t\t\t\t\t\t\t\t<\/div>\n\t\t\t\t<\/div>\n\t\t\t\t\t<\/div>\n\t\t<\/div>\n\t\t\t\t<div class=\"elementor-column elementor-col-50 elementor-top-column elementor-element elementor-element-1945f43\" data-id=\"1945f43\" data-element_type=\"column\">\n\t\t\t<div class=\"elementor-widget-wrap elementor-element-populated\">\n\t\t\t\t\t\t\t\t<div class=\"elementor-element elementor-element-88fa21f elementor-widget elementor-widget-text-editor\" data-id=\"88fa21f\" data-element_type=\"widget\" data-widget_type=\"text-editor.default\">\n\t\t\t\t<div class=\"elementor-widget-container\">\n\t\t\t\t\t\t\t<p><strong>WAAM<\/strong> (Worldwide African Artists Management) est une plateforme digitale de booking d\u2019artistes africains, con\u00e7ue pour valoriser le talent africain sur la sc\u00e8ne internationale. Nous mettons en relation directe les artistes africains (musiciens, danseurs, humoristes, com\u00e9diens, DJs, performeurs, etc.) avec les organisateurs d\u2019\u00e9v\u00e9nements, les agences, les collectivit\u00e9s et les entreprises \u00e0 travers le monde.<\/p><h3>\u00a0<\/h3><h3>Notre mission<\/h3><p>Cr\u00e9er un pont solide entre les artistes du continent africain et les opportunit\u00e9s de sc\u00e8ne, en leur offrant une visibilit\u00e9 professionnelle, un accompagnement structur\u00e9 et un acc\u00e8s facilit\u00e9 \u00e0 des contrats de spectacles.<\/p><h4>\u00a0<\/h4><h4>Pour les artistes<\/h4><p>WAAM est un tremplin de carri\u00e8re : chaque artiste inscrit rejoint un catalogue professionnel en ligne accessible mondialement. Ils peuvent pr\u00e9senter leurs oeuvres, m\u00e9dias, exp\u00e9riences, conditions de prestation, et recevoir des demandes de booking s\u00e9rieuses via notre interface s\u00e9curis\u00e9e.<\/p><h4>\u00a0<\/h4><h4>Pour les organisateurs<\/h4><p>WAAM est un r\u00e9pertoire de talents africains authentiques et v\u00e9rifi\u00e9s, pens\u00e9 pour simplifier la recherche et la r\u00e9servation d\u2019artistes pour vos \u00e9v\u00e9nements : festivals, mariages, concerts, lancements, soir\u00e9es priv\u00e9es, galas ou \u00e9v\u00e9nements institutionnels.<\/p><h3>\u00a0<\/h3><h3>Notre vision<\/h3><p>R\u00e9v\u00e9ler la richesse culturelle du continent africain, professionnaliser le secteur du spectacle vivant, et faire rayonner les artistes africains au-del\u00e0 des fronti\u00e8res.<\/p><p>\u00a0<\/p><p><strong>WAAM<\/strong>, la sc\u00e8ne africaine en un clic. Rejoignez-nous, que vous soyez artiste ou demandeur d\u2019artiste, et transformez vos projets en spectacles inoubliables.<\/p>\t\t\t\t\t\t<\/div>\n\t\t\t\t<\/div>\n\t\t\t\t\t<\/div>\n\t\t<\/div>\n\t\t\t\t\t\t\t<\/div>\n\t\t<\/section>\n\t\t\t\t<section class=\"elementor-section elementor-top-section elementor-element elementor-element-ff298b4 elementor-section-boxed elementor-section-height-default elementor-section-height-default\" data-id=\"ff298b4\" data-element_type=\"section\" data-settings=\"{&quot;_ha_eqh_enable&quot;:false}\">\n\t\t\t\t\t\t<div class=\"elementor-container elementor-column-gap-default\">\n\t\t\t\t\t<div class=\"elementor-column elementor-col-100 elementor-top-column elementor-element elementor-element-e5d648a\" data-id=\"e5d648a\" data-element_type=\"column\">\n\t\t\t<div class=\"elementor-widget-wrap elementor-element-populated\">\n\t\t\t\t\t\t\t\t<div class=\"elementor-element elementor-element-fd279b6 elementor-widget elementor-widget-spacer\" data-id=\"fd279b6\" data-element_type=\"widget\" data-widget_type=\"spacer.default\">\n\t\t\t\t<div class=\"elementor-widget-container\">\n\t\t\t\t\t<div class=\"elementor-spacer\">\n\t\t\t<div class=\"elementor-spacer-inner\"><\/div>\n\t\t<\/div>\n\t\t\t\t<\/div>\n\t\t\t\t<\/div>\n\t\t\t\t\t<\/div>\n\t\t<\/div>\n\t\t\t\t\t\t\t<\/div>\n\t\t<\/section>\n\t\t\t\t\t\t\t<\/div>\n\t\t","protected":false},"excerpt":{"rendered":"<p>A propos WAAM (Worldwide African Artists Management) est une plateforme digitale de booking d\u2019artistes africains, con\u00e7ue pour valoriser le talent africain sur la sc\u00e8ne internationale. Nous mettons en relation directe les artistes africains (musiciens, danseurs, humoristes, com\u00e9diens, DJs, performeurs, etc.) avec les organisateurs d\u2019\u00e9v\u00e9nements, les agences, les collectivit\u00e9s et les entreprises \u00e0 travers le monde. [&hellip;]<\/p>\n","protected":false},"author":1,"featured_media":0,"parent":0,"menu_order":0,"comment_status":"closed","ping_status":"closed","template":"","meta":{"footnotes":""},"class_list":["post-11777","page","type-page","status-publish","hentry"],"_links":{"self":[{"href":"https:\/\/waam-ci.com\/artistes\/wp-json\/wp\/v2\/pages\/11777","targetHints":{"allow":["GET"]}}],"collection":[{"href":"https:\/\/waam-ci.com\/artistes\/wp-json\/wp\/v2\/pages"}],"about":[{"href":"https:\/\/waam-ci.com\/artistes\/wp-json\/wp\/v2\/types\/page"}],"author":[{"embeddable":true,"href":"https:\/\/waam-ci.com\/artistes\/wp-json\/wp\/v2\/users\/1"}],"replies":[{"embeddable":true,"href":"https:\/\/waam-ci.com\/artistes\/wp-json\/wp\/v2\/comments?post=11777"}],"version-history":[{"count":13,"href":"https:\/\/waam-ci.com\/artistes\/wp-json\/wp\/v2\/pages\/11777\/revisions"}],"predecessor-version":[{"id":11805,"href":"https:\/\/waam-ci.com\/artistes\/wp-json\/wp\/v2\/pages\/11777\/revisions\/11805"}],"wp:attachment":[{"href":"https:\/\/waam-ci.com\/artistes\/wp-json\/wp\/v2\/media?parent=11777"}],"curies":[{"name":"wp","href":"https:\/\/api.w.org\/{rel}","templated":true}]}}